{"id":53,"date":"2023-09-10T15:04:19","date_gmt":"2023-09-10T15:04:19","guid":{"rendered":"https:\/\/airfibernet.com\/?page_id=53"},"modified":"2023-09-21T18:12:40","modified_gmt":"2023-09-21T18:12:40","slug":"servicio","status":"publish","type":"page","link":"https:\/\/airfibernet.com\/?page_id=53","title":{"rendered":"SERVICIO PERSONALIZADO"},"content":{"rendered":"\n<p>AirFibernet <strong>empresa en expansi\u00f3n, proporciona internet all\u00ed donde otros no llegan o dan una baja<\/strong> <strong>velocidad. Conexi\u00f3n Banda Ancha real.<\/strong><\/p>\n\n\n\n<p><strong>Podr\u00e1s navegar a alta velocidad las 24 horas del d\u00eda, sin l\u00edmite de descarga. <\/strong><\/p>\n\n\n\n<p>Servicios personalizados para otro tipo de necesidades.<\/p>\n\n\n\n<p><strong>Posibilidad de cubrir zonas blancas o sin cobertura wifi de tu vivienda mediante diferentes soluciones t\u00e9cnicas.<\/strong><\/p>\n","protected":false},"excerpt":{"rendered":"<p>AirFibernet empresa en expansi\u00f3n, proporciona internet all\u00ed donde otros no llegan o dan una baja velocidad. Conexi\u00f3n Banda Ancha real. Podr\u00e1s navegar a alta velocidad las 24 horas del d\u00eda, sin l\u00edmite de descarga. Servicios personalizados para otro tipo de necesidades. Posibilidad de cubrir zonas blancas o sin cobertura wifi de tu vivienda mediante diferentes soluciones t\u00e9cnicas.<\/p>\n","protected":false},"author":1,"featured_media":0,"parent":0,"menu_order":0,"comment_status":"closed","ping_status":"closed","template":"wp-custom-template-servicio-personalizado","meta":{"footnotes":""},"_links":{"self":[{"href":"https:\/\/airfibernet.com\/index.php?rest_route=\/wp\/v2\/pages\/53"}],"collection":[{"href":"https:\/\/airfibernet.com\/index.php?rest_route=\/wp\/v2\/pages"}],"about":[{"href":"https:\/\/airfibernet.com\/index.php?rest_route=\/wp\/v2\/types\/page"}],"author":[{"embeddable":true,"href":"https:\/\/airfibernet.com\/index.php?rest_route=\/wp\/v2\/users\/1"}],"replies":[{"embeddable":true,"href":"https:\/\/airfibernet.com\/index.php?rest_route=%2Fwp%2Fv2%2Fcomments&post=53"}],"version-history":[{"count":2,"href":"https:\/\/airfibernet.com\/index.php?rest_route=\/wp\/v2\/pages\/53\/revisions"}],"predecessor-version":[{"id":57,"href":"https:\/\/airfibernet.com\/index.php?rest_route=\/wp\/v2\/pages\/53\/revisions\/57"}],"wp:attachment":[{"href":"https:\/\/airfibernet.com\/index.php?rest_route=%2Fwp%2Fv2%2Fmedia&parent=53"}],"curies":[{"name":"wp","href":"https:\/\/api.w.org\/{rel}","templated":true}]}}